{"id":7232,"date":"2021-11-16T14:37:34","date_gmt":"2021-11-16T13:37:34","guid":{"rendered":"https:\/\/ekisolar.com\/aerotermia\/"},"modified":"2025-02-20T13:04:22","modified_gmt":"2025-02-20T11:04:22","slug":"aerotermia","status":"publish","type":"page","link":"https:\/\/ekisolar.com\/eu\/aerotermia\/","title":{"rendered":"Aerotermia industriala"},"content":{"rendered":"<p><div class=\"fusion-fullwidth fullwidth-box fusion-builder-row-1 fusion-flex-container has-pattern-background has-mask-background nonhundred-percent-fullwidth non-hundred-percent-height-scrolling fusion-sticky-container\" style=\"--link_hover_color: var(--awb-color5);--link_color: var(--awb-color8);--awb-border-color:hsla(var(--awb-color3-h),var(--awb-color3-s),calc(var(--awb-color3-l) + 10%),var(--awb-color3-a));--awb-border-radius-top-left:0px;--awb-border-radius-top-right:0px;--awb-border-radius-bottom-right:0px;--awb-border-radius-bottom-left:0px;--awb-padding-top:15px;--awb-padding-bottom:15px;--awb-background-color:var(--awb-color1);--awb-sticky-background-color:var(--awb-color1) !important;--awb-flex-wrap:wrap;--awb-box-shadow:0px 2px 7px 0px hsla(var(--awb-color8-h),var(--awb-color8-s),var(--awb-color8-l),calc(var(--awb-color8-a) - 93%));\" data-transition-offset=\"0\" data-scroll-offset=\"0\" data-sticky-small-visibility=\"1\" data-sticky-medium-visibility=\"1\" data-sticky-large-visibility=\"1\" ><div class=\"fusion-builder-row fusion-row fusion-flex-align-items-center fusion-flex-content-wrap\" style=\"max-width:1248px;margin-left: calc(-4% \/ 2 );margin-right: calc(-4% \/ 2 );\"><div class=\"fusion-layout-column fusion_builder_column fusion-builder-column-0 fusion_builder_column_1_4 1_4 fusion-flex-column fusion-flex-align-self-center fusion-column-no-min-height fusion-animated\" style=\"--awb-padding-right-medium:0px;--awb-padding-left-medium:0px;--awb-bg-blend:overlay;--awb-bg-size:cover;--awb-width-large:25%;--awb-margin-top-large:0px;--awb-spacing-right-large:30.72%;--awb-margin-bottom-large:90px;--awb-spacing-left-large:7.68%;--awb-width-medium:50%;--awb-order-medium:0;--awb-spacing-right-medium:15.36%;--awb-margin-bottom-medium:49px;--awb-spacing-left-medium:3.84%;--awb-width-small:100%;--awb-order-small:0;--awb-spacing-right-small:1.92%;--awb-margin-bottom-small:0px;--awb-spacing-left-small:1.92%;\" data-animationType=\"fadeIn\" data-animationDuration=\"0.8\" data-animationOffset=\"top-into-view\" data-scroll-devices=\"small-visibility,medium-visibility,large-visibility\"><div class=\"fusion-column-wrapper fusion-column-has-shadow fusion-flex-justify-content-flex-start fusion-content-layout-column\"><div class=\"fusion-text fusion-text-1 fusion-text-no-margin\" style=\"--awb-font-size:var(--awb-typography3-font-size);--awb-line-height:var(--awb-typography3-line-height);--awb-letter-spacing:var(--awb-typography3-letter-spacing);--awb-text-transform:var(--awb-typography3-text-transform);--awb-text-color:#6d69a9;--awb-margin-top:0px;--awb-margin-right:0px;--awb-margin-bottom:0px;--awb-margin-left:0px;--awb-text-font-family:var(--awb-typography3-font-family);--awb-text-font-weight:var(--awb-typography3-font-weight);--awb-text-font-style:var(--awb-typography3-font-style);\"><p>Aerotermia industriala<\/p>\n<\/div><div class=\"fusion-title title fusion-title-1 fusion-sep-none fusion-title-text fusion-title-size-three\" style=\"--awb-margin-bottom:0px;--awb-margin-top-small:10px;--awb-margin-right-small:0px;--awb-margin-bottom-small:10px;--awb-margin-left-small:0px;\"><h3 class=\"fusion-title-heading title-heading-left\" style=\"margin:0;\">Irtenbide aerotermiko berritzaileak<\/h3><\/div><\/div><\/div><div class=\"fusion-layout-column fusion_builder_column fusion-builder-column-1 fusion_builder_column_1_2 1_2 fusion-flex-column fusion-flex-align-self-center fusion-column-no-min-height fusion-animated\" style=\"--awb-padding-right-medium:0px;--awb-padding-left-medium:0px;--awb-bg-blend:overlay;--awb-bg-size:cover;--awb-width-large:50%;--awb-margin-top-large:0px;--awb-spacing-right-large:3.84%;--awb-margin-bottom-large:90px;--awb-spacing-left-large:3.84%;--awb-width-medium:50%;--awb-order-medium:0;--awb-spacing-right-medium:3.84%;--awb-margin-bottom-medium:49px;--awb-spacing-left-medium:3.84%;--awb-width-small:100%;--awb-order-small:0;--awb-spacing-right-small:1.92%;--awb-margin-bottom-small:30px;--awb-spacing-left-small:1.92%;\" data-animationType=\"fadeIn\" data-animationDuration=\"0.8\" data-animationOffset=\"top-into-view\" data-scroll-devices=\"small-visibility,medium-visibility,large-visibility\"><div class=\"fusion-column-wrapper fusion-column-has-shadow fusion-flex-justify-content-flex-start fusion-content-layout-column\"><div class=\"fusion-separator fusion-full-width-sep\" style=\"align-self: center;margin-left: auto;margin-right: auto;margin-top:15px;width:100%;\"><\/div><div class=\"fusion-text fusion-text-2 fusion-text-no-margin\" style=\"--awb-text-color:hsla(var(--awb-color8-h),var(--awb-color8-s),var(--awb-color8-l),calc(var(--awb-color8-a) - 20%));--awb-margin-bottom:10px;\"><div>\n<p><span lang=\"EU\">AEROTERMIAKO INSTALAZIO INDUSTRIALEN ingeniaritza, diseinua, instalazioa eta monitorizazioa, neurrira eginak prozesuen eta industria- eta egoitza-instalazioen energia-efizientzia hobetzeko.<\/span><\/p>\n<\/div>\n<\/div><\/div><\/div><div class=\"fusion-layout-column fusion_builder_column fusion-builder-column-2 fusion_builder_column_1_5 1_5 fusion-flex-column fusion-flex-align-self-center fusion-column-no-min-height fusion-animated\" style=\"--awb-padding-right-medium:0px;--awb-padding-left-medium:0px;--awb-bg-blend:overlay;--awb-bg-size:cover;--awb-width-large:20%;--awb-margin-top-large:0px;--awb-spacing-right-large:9.6%;--awb-margin-bottom-large:90px;--awb-spacing-left-large:9.6%;--awb-width-medium:50%;--awb-order-medium:0;--awb-spacing-right-medium:3.84%;--awb-margin-bottom-medium:49px;--awb-spacing-left-medium:3.84%;--awb-width-small:100%;--awb-order-small:0;--awb-spacing-right-small:1.92%;--awb-margin-bottom-small:30px;--awb-spacing-left-small:1.92%;\" data-animationType=\"fadeIn\" data-animationDuration=\"0.8\" data-animationOffset=\"top-into-view\" data-scroll-devices=\"small-visibility,medium-visibility,large-visibility\"><div class=\"fusion-column-wrapper fusion-column-has-shadow fusion-flex-justify-content-flex-start fusion-content-layout-column\"><div style=\"text-align:center;\"><a class=\"fusion-button button-flat button-small button-custom fusion-button-default button-1 fusion-button-default-span fusion-button-default-type\" style=\"--button_accent_color:#6d69a9;--button_border_color:#6d69a9;--button_accent_hover_color:var(--awb-color1);--button_border_hover_color:var(--awb-color1);--button_border_width-top:1px;--button_border_width-right:1px;--button_border_width-bottom:1px;--button_border_width-left:1px;--button-border-radius-top-left:0px;--button-border-radius-top-right:0px;--button-border-radius-bottom-right:0px;--button-border-radius-bottom-left:0px;--button_gradient_top_color:rgba(255,255,255,0);--button_gradient_bottom_color:rgba(255,255,255,0);--button_gradient_top_color_hover:#6d69a9;--button_gradient_bottom_color_hover:#6d69a9;\" target=\"_self\" href=\"https:\/\/ekisolar.com\/eu\/category\/aerotermia-eu\/\"><i class=\"fa-arrow-right fas awb-button__icon awb-button__icon--default button-icon-left\" aria-hidden=\"true\"><\/i><span class=\"fusion-button-text awb-button__text awb-button__text--default\">IKUSI AEROTERMIA ALBISTEAK<\/span><\/a><\/div><\/div><\/div><div class=\"fusion-layout-column fusion_builder_column fusion-builder-column-3 fusion_builder_column_1_1 1_1 fusion-flex-column fusion-flex-align-self-flex-start fusion-column-no-min-height fusion-animated\" style=\"--awb-bg-blend:overlay;--awb-bg-size:cover;--awb-width-large:100%;--awb-margin-top-large:0px;--awb-spacing-right-large:1.92%;--awb-margin-bottom-large:0px;--awb-spacing-left-large:1.92%;--awb-width-medium:100%;--awb-spacing-right-medium:1.92%;--awb-spacing-left-medium:1.92%;--awb-width-small:100%;--awb-spacing-right-small:1.92%;--awb-spacing-left-small:1.92%;\" data-animationType=\"fadeIn\" data-animationDuration=\"0.8\" data-animationOffset=\"top-into-view\"><div class=\"fusion-column-wrapper fusion-flex-justify-content-center fusion-content-layout-row\"><\/div><\/div><\/div><\/div><div id=\"instalaciones-sobre-cubierta\" class=\"fusion-container-anchor\"><div class=\"fusion-fullwidth fullwidth-box fusion-builder-row-2 fusion-flex-container has-pattern-background has-mask-background nonhundred-percent-fullwidth non-hundred-percent-height-scrolling\" style=\"--link_color: var(--awb-color6);--awb-border-radius-top-left:0px;--awb-border-radius-top-right:0px;--awb-border-radius-bottom-right:0px;--awb-border-radius-bottom-left:0px;--awb-padding-top:6%;--awb-padding-bottom:4%;--awb-margin-top:30px;--awb-margin-bottom:30px;--awb-background-image:linear-gradient(152deg, var(--awb-color2) 0%,#6d69a9 55%);--awb-flex-wrap:wrap;\" ><div class=\"fusion-builder-row fusion-row fusion-flex-align-items-flex-start fusion-flex-content-wrap\" style=\"max-width:1248px;margin-left: calc(-4% \/ 2 );margin-right: calc(-4% \/ 2 );\"><div class=\"fusion-layout-column fusion_builder_column fusion-builder-column-4 fusion_builder_column_2_5 2_5 fusion-flex-column fusion-flex-align-self-flex-start\" style=\"--awb-bg-size:cover;--awb-width-large:40%;--awb-margin-top-large:0px;--awb-spacing-right-large:4.8%;--awb-margin-bottom-large:0px;--awb-spacing-left-large:4.8%;--awb-width-medium:40%;--awb-order-medium:0;--awb-spacing-right-medium:4.8%;--awb-spacing-left-medium:4.8%;--awb-width-small:100%;--awb-order-small:0;--awb-spacing-right-small:1.92%;--awb-spacing-left-small:1.92%;\" data-scroll-devices=\"small-visibility,medium-visibility,large-visibility\"><div class=\"fusion-column-wrapper fusion-column-has-shadow fusion-flex-justify-content-flex-start fusion-content-layout-column\"><div class=\"fusion-slider-sc fusion-has-margin\" style=\"margin-bottom:0px;\"><div class=\"fusion-flexslider-loading flexslider flexslider-hover-type-liftup\" data-slideshow_autoplay=\"1\" data-slideshow_smooth_height=\"1\" data-slideshow_speed=\"3000\" style=\"max-width:100%;height:100%;\"><ul class=\"slides\"><li class=\"image\"><span class=\"lazyload fusion-image-hover-element hover-type-liftup\"><img decoding=\"async\" src=\"https:\/\/ekisolar.com\/wp-content\/uploads\/2024\/11\/aerotermia4_ekienergy.jpg\" data-orig-src=\"https:\/\/ekisolar.com\/wp-content\/uploads\/2024\/11\/aerotermia4_ekienergy.jpg\" width=\"750\" height=\"600\" class=\"lazyload wp-image-6289\" srcset=\"data:image\/svg+xml,%3Csvg%20xmlns%3D%27http%3A%2F%2Fwww.w3.org%2F2000%2Fsvg%27%20width%3D%27750%27%20height%3D%27600%27%20viewBox%3D%270%200%20750%20600%27%3E%3Crect%20width%3D%27750%27%20height%3D%27600%27%20fill-opacity%3D%220%22%2F%3E%3C%2Fsvg%3E\" data-srcset=\"https:\/\/ekisolar.com\/wp-content\/uploads\/2024\/11\/aerotermia4_ekienergy-200x160.jpg 200w, https:\/\/ekisolar.com\/wp-content\/uploads\/2024\/11\/aerotermia4_ekienergy-400x320.jpg 400w, https:\/\/ekisolar.com\/wp-content\/uploads\/2024\/11\/aerotermia4_ekienergy-600x480.jpg 600w, https:\/\/ekisolar.com\/wp-content\/uploads\/2024\/11\/aerotermia4_ekienergy.jpg 750w\" data-sizes=\"auto\" data-orig-sizes=\"(max-width: 700px) 100vw, 600px\" \/><\/span><\/li><li class=\"image\"><span class=\"lazyload fusion-image-hover-element hover-type-liftup\"><img decoding=\"async\" src=\"https:\/\/ekisolar.com\/wp-content\/uploads\/2024\/10\/aerotermia1_ekienergy.jpg\" data-orig-src=\"https:\/\/ekisolar.com\/wp-content\/uploads\/2024\/10\/aerotermia1_ekienergy.jpg\" width=\"1000\" height=\"700\" class=\"lazyload wp-image-6243\" srcset=\"data:image\/svg+xml,%3Csvg%20xmlns%3D%27http%3A%2F%2Fwww.w3.org%2F2000%2Fsvg%27%20width%3D%271000%27%20height%3D%27700%27%20viewBox%3D%270%200%201000%20700%27%3E%3Crect%20width%3D%271000%27%20height%3D%27700%27%20fill-opacity%3D%220%22%2F%3E%3C%2Fsvg%3E\" data-srcset=\"https:\/\/ekisolar.com\/wp-content\/uploads\/2024\/10\/aerotermia1_ekienergy-200x140.jpg 200w, https:\/\/ekisolar.com\/wp-content\/uploads\/2024\/10\/aerotermia1_ekienergy-400x280.jpg 400w, https:\/\/ekisolar.com\/wp-content\/uploads\/2024\/10\/aerotermia1_ekienergy-600x420.jpg 600w, https:\/\/ekisolar.com\/wp-content\/uploads\/2024\/10\/aerotermia1_ekienergy-800x560.jpg 800w, https:\/\/ekisolar.com\/wp-content\/uploads\/2024\/10\/aerotermia1_ekienergy.jpg 1000w\" data-sizes=\"auto\" data-orig-sizes=\"(max-width: 700px) 100vw, 600px\" \/><\/span><\/li><li class=\"image\"><span class=\"lazyload fusion-image-hover-element hover-type-liftup\"><img decoding=\"async\" src=\"https:\/\/ekisolar.com\/wp-content\/uploads\/2024\/10\/aerotermia2_ekienergy.jpg\" data-orig-src=\"https:\/\/ekisolar.com\/wp-content\/uploads\/2024\/10\/aerotermia2_ekienergy.jpg\" width=\"1000\" height=\"700\" class=\"lazyload wp-image-6244\" srcset=\"data:image\/svg+xml,%3Csvg%20xmlns%3D%27http%3A%2F%2Fwww.w3.org%2F2000%2Fsvg%27%20width%3D%271000%27%20height%3D%27700%27%20viewBox%3D%270%200%201000%20700%27%3E%3Crect%20width%3D%271000%27%20height%3D%27700%27%20fill-opacity%3D%220%22%2F%3E%3C%2Fsvg%3E\" data-srcset=\"https:\/\/ekisolar.com\/wp-content\/uploads\/2024\/10\/aerotermia2_ekienergy-200x140.jpg 200w, https:\/\/ekisolar.com\/wp-content\/uploads\/2024\/10\/aerotermia2_ekienergy-400x280.jpg 400w, https:\/\/ekisolar.com\/wp-content\/uploads\/2024\/10\/aerotermia2_ekienergy-600x420.jpg 600w, https:\/\/ekisolar.com\/wp-content\/uploads\/2024\/10\/aerotermia2_ekienergy-800x560.jpg 800w, https:\/\/ekisolar.com\/wp-content\/uploads\/2024\/10\/aerotermia2_ekienergy.jpg 1000w\" data-sizes=\"auto\" data-orig-sizes=\"(max-width: 700px) 100vw, 600px\" \/><\/span><\/li><li class=\"image\"><span class=\"lazyload fusion-image-hover-element hover-type-liftup\"><img decoding=\"async\" src=\"https:\/\/ekisolar.com\/wp-content\/uploads\/2024\/10\/aerotermia3_ekienergy.jpg\" data-orig-src=\"https:\/\/ekisolar.com\/wp-content\/uploads\/2024\/10\/aerotermia3_ekienergy.jpg\" width=\"1000\" height=\"700\" class=\"lazyload wp-image-6245\" srcset=\"data:image\/svg+xml,%3Csvg%20xmlns%3D%27http%3A%2F%2Fwww.w3.org%2F2000%2Fsvg%27%20width%3D%271000%27%20height%3D%27700%27%20viewBox%3D%270%200%201000%20700%27%3E%3Crect%20width%3D%271000%27%20height%3D%27700%27%20fill-opacity%3D%220%22%2F%3E%3C%2Fsvg%3E\" data-srcset=\"https:\/\/ekisolar.com\/wp-content\/uploads\/2024\/10\/aerotermia3_ekienergy-200x140.jpg 200w, https:\/\/ekisolar.com\/wp-content\/uploads\/2024\/10\/aerotermia3_ekienergy-400x280.jpg 400w, https:\/\/ekisolar.com\/wp-content\/uploads\/2024\/10\/aerotermia3_ekienergy-600x420.jpg 600w, https:\/\/ekisolar.com\/wp-content\/uploads\/2024\/10\/aerotermia3_ekienergy-800x560.jpg 800w, https:\/\/ekisolar.com\/wp-content\/uploads\/2024\/10\/aerotermia3_ekienergy.jpg 1000w\" data-sizes=\"auto\" data-orig-sizes=\"(max-width: 700px) 100vw, 600px\" \/><\/span><\/li><\/ul><\/div><\/div><\/div><\/div><div class=\"fusion-layout-column fusion_builder_column fusion-builder-column-5 fusion_builder_column_3_5 3_5 fusion-flex-column\" style=\"--awb-bg-size:cover;--awb-width-large:60%;--awb-margin-top-large:0px;--awb-spacing-right-large:3.2%;--awb-margin-bottom-large:20px;--awb-spacing-left-large:3.2%;--awb-width-medium:60%;--awb-order-medium:0;--awb-spacing-right-medium:3.2%;--awb-spacing-left-medium:3.2%;--awb-width-small:100%;--awb-order-small:0;--awb-spacing-right-small:1.92%;--awb-spacing-left-small:1.92%;\"><div class=\"fusion-column-wrapper fusion-column-has-shadow fusion-flex-justify-content-flex-start fusion-content-layout-column\"><div class=\"fusion-title title fusion-title-2 fusion-sep-none fusion-title-text fusion-title-size-four\" style=\"--awb-text-color:var(--awb-color1);--awb-margin-bottom:0px;--awb-margin-top-small:10px;--awb-margin-right-small:0px;--awb-margin-bottom-small:10px;--awb-margin-left-small:0px;\"><h4 class=\"fusion-title-heading title-heading-left sm-text-align-center\" style=\"font-family:&quot;Plus Jakarta Sans&quot;;font-style:normal;font-weight:300;margin:0;\"><p style=\"text-align: left;\"><img decoding=\"async\" class=\"lazyload wp-image-5581 alignleft\" src=\"data:image\/svg+xml,%3Csvg%20xmlns%3D%27http%3A%2F%2Fwww.w3.org%2F2000%2Fsvg%27%20width%3D%2780%27%20height%3D%2780%27%20viewBox%3D%270%200%2080%2080%27%3E%3Crect%20width%3D%2780%27%20height%3D%2780%27%20fill-opacity%3D%220%22%2F%3E%3C%2Fsvg%3E\" data-orig-src=\"https:\/\/ekisolar.com\/wp-content\/uploads\/2024\/09\/icono-ekiAEROTERMIA.png\" alt=\"\" width=\"80\" height=\"80\" data-wp-editing=\"1\" \/><strong>AEROTERMIAKO<\/strong><br \/>\nIRTENBIDEAK<\/p><\/h4><\/div><div class=\"fusion-separator fusion-full-width-sep\" style=\"align-self: center;margin-left: auto;margin-right: auto;margin-top:12px;margin-bottom:12px;width:100%;\"><div class=\"fusion-separator-border sep-single sep-solid\" style=\"--awb-height:20px;--awb-amount:20px;--awb-sep-color:var(--awb-color1);border-color:var(--awb-color1);border-top-width:5px;\"><\/div><\/div><div class=\"fusion-text fusion-text-3\" style=\"--awb-text-color:var(--awb-color1);\"><p style=\"text-align: justify;\">Ofrecemos el an\u00e1lisis, ingenier\u00eda e instalaci\u00f3n de equipos que generen <strong>energ\u00eda aerot\u00e9rmica<\/strong> para uso industrial que permite <strong>aprovechar el calor del aire<\/strong> para climatizar una empresa. A\u00a0trav\u00e9s de un ciclo de termodin\u00e1mica, se consigue refrigerar las estancias durante los meses de verano y dotarlas de calefacci\u00f3n en el invierno.\u00a0La utilizaci\u00f3n de una bomba de calor reversible pone en funcionamiento el circuito logrando la <strong>producci\u00f3n energ\u00e9tica<\/strong> tambi\u00e9n en temporadas bajas o de poca utilizaci\u00f3n. Un sistema mucho m\u00e1s eficaz\u00a0que las calderas convencionales y una<strong> buena opci\u00f3n para la descarbonizaci\u00f3n.<\/strong><\/p>\n<div>\n<p><span lang=\"EU\">Industria-erabilerarako <\/span><strong><span lang=\"EU\">energia aerotermikoa<\/span><\/strong><span lang=\"EU\"> sortzen duten ekipoen analisia, ingeniaritza eta instalazioa eskaintzen ditugu, <\/span><strong><span lang=\"EU\">airearen beroa<\/span><\/strong><span lang=\"EU\"> enpresa bat girotzeko aprobetxatzea ahalbidetzen duena. Termodinamikako ziklo baten bitartez, udako hilabeteetan gelak hoztea eta neguan berogailuz berotzea lortzen da. Bero-ponpa itzulgarri bat erabiliz, zirkuitua martxan jartzen da, eta <\/span><strong><span lang=\"EU\">energia-ekoizpena <\/span><\/strong><span lang=\"EU\">lortzen da, are behe-denboraldietan edo gutxi erabiltzen direnetan. Ohiko galdarak baino askoz sistema eraginkorragoa da, <\/span><strong><span lang=\"EU\">deskarbonizaziorako aukera ona<\/span><span lang=\"EU\">.<\/span><\/strong><\/p>\n<\/div>\n<\/div><div ><a class=\"fusion-button button-flat button-small button-custom fusion-button-default button-2 fusion-button-default-span fusion-button-default-type\" style=\"--awb-margin-top:10px;--awb-margin-bottom:10px;--button_accent_color:var(--awb-color1);--button_accent_hover_color:var(--awb-color1);--button_border_hover_color:var(--awb-color1);--button_border_width-top:1px;--button_border_width-right:1px;--button_border_width-bottom:1px;--button_border_width-left:1px;--button-border-radius-top-left:0px;--button-border-radius-top-right:0px;--button-border-radius-bottom-right:0px;--button-border-radius-bottom-left:0px;--button_gradient_top_color:rgba(255,255,255,0);--button_gradient_bottom_color:rgba(255,255,255,0);--button_gradient_top_color_hover:rgba(255,255,255,0);--button_gradient_bottom_color_hover:rgba(255,255,255,0);\" target=\"_self\" href=\"mailto:info@ekisolar.com\"><i class=\"fa-arrow-right fas awb-button__icon awb-button__icon--default button-icon-left\" aria-hidden=\"true\"><\/i><span class=\"fusion-button-text awb-button__text awb-button__text--default\">ESKATU INFORMAZIOA<\/span><\/a><\/div><\/div><\/div><\/div><\/div><\/div><\/p>\n","protected":false},"excerpt":{"rendered":"","protected":false},"author":2,"featured_media":0,"parent":0,"menu_order":9,"comment_status":"closed","ping_status":"closed","template":"100-width.php","meta":{"_acf_changed":false,"footnotes":""},"class_list":["post-7232","page","type-page","status-publish","hentry"],"acf":[],"_links":{"self":[{"href":"https:\/\/ekisolar.com\/eu\/wp-json\/wp\/v2\/pages\/7232","targetHints":{"allow":["GET"]}}],"collection":[{"href":"https:\/\/ekisolar.com\/eu\/wp-json\/wp\/v2\/pages"}],"about":[{"href":"https:\/\/ekisolar.com\/eu\/wp-json\/wp\/v2\/types\/page"}],"author":[{"embeddable":true,"href":"https:\/\/ekisolar.com\/eu\/wp-json\/wp\/v2\/users\/2"}],"replies":[{"embeddable":true,"href":"https:\/\/ekisolar.com\/eu\/wp-json\/wp\/v2\/comments?post=7232"}],"version-history":[{"count":4,"href":"https:\/\/ekisolar.com\/eu\/wp-json\/wp\/v2\/pages\/7232\/revisions"}],"predecessor-version":[{"id":7532,"href":"https:\/\/ekisolar.com\/eu\/wp-json\/wp\/v2\/pages\/7232\/revisions\/7532"}],"wp:attachment":[{"href":"https:\/\/ekisolar.com\/eu\/wp-json\/wp\/v2\/media?parent=7232"}],"curies":[{"name":"wp","href":"https:\/\/api.w.org\/{rel}","templated":true}]}}